{"id":759,"date":"2024-02-26T15:45:03","date_gmt":"2024-02-26T15:45:03","guid":{"rendered":"https:\/\/www.analizkodlama.com\/?post_type=product&#038;p=759"},"modified":"2024-03-15T07:30:18","modified_gmt":"2024-03-15T07:30:18","slug":"591-y-makeup","status":"publish","type":"product","link":"https:\/\/www.analizkodlama.com\/index.php\/product\/591-y-makeup\/","title":{"rendered":"591-Y Makeup"},"content":{"rendered":"<p>KGK cihazlar i\u00e7in \u00fcretilen 0,5 lt muadil bir inceltici ( make-up ) sol\u00fcsyondur.<\/p>\n<p>&nbsp;<\/p>\n","protected":false},"excerpt":{"rendered":"<p>591-Y Make-up, 591-INK m\u00fcrekkep serisiyle m\u00fckemmel uyum sa\u011flamak \u00fczere \u00f6zel olarak geli\u015ftirilmi\u015f, 500 ml litrelik ambalajda sunulan bir yard\u0131mc\u0131 sol\u00fcsyondur. Bu \u00fcr\u00fcn, inkjet bask\u0131 sistemlerinin verimlili\u011fini ve bask\u0131 kalitesini art\u0131rmak amac\u0131yla tasarlanm\u0131\u015ft\u0131r. 591-Y Make-up, cihazlar\u0131n\u0131z\u0131n sorunsuz bir \u015fekilde \u00e7al\u0131\u015fmas\u0131n\u0131 sa\u011flayarak, m\u00fcrekkep at\u0131klar\u0131n\u0131 azalt\u0131r ve bask\u0131 s\u00fcrecinin daha verimli ve etkili olmas\u0131na katk\u0131da bulunur.<\/p>\n<p>\u00dcr\u00fcn \u00d6zellikleri:<\/p>\n<ul>\n<li>Bask\u0131 Sistemi Uyumlulu\u011fu: 591-INK serisi m\u00fcrekkeplerle m\u00fckemmel uyum sa\u011flar, inkjet bask\u0131 sistemlerinin sorunsuz ve etkili bir \u015fekilde \u00e7al\u0131\u015fmas\u0131na olanak tan\u0131r.<\/li>\n<li>Optimize Edilmi\u015f M\u00fcrekkep Ak\u0131\u015f\u0131: M\u00fcrekkebin bask\u0131 kafalar\u0131 ve kanallar boyunca d\u00fczg\u00fcn bir \u015fekilde akmas\u0131n\u0131 sa\u011flayarak t\u0131kan\u0131kl\u0131klar\u0131 \u00f6nler ve bask\u0131 kalitesini iyile\u015ftirir.<\/li>\n<li>Ekipman Koruma: D\u00fczenli kullan\u0131m\u0131, cihazda ki bile\u015fenlerin \u00f6mr\u00fcn\u00fc uzat\u0131r, b\u00f6ylece bak\u0131m maliyetlerini azalt\u0131r ve ekipman yat\u0131r\u0131m\u0131n\u0131z\u0131n de\u011ferini korur.<\/li>\n<li>Geni\u015f Y\u00fczey Uyumlulu\u011fu: 591-INK m\u00fcrekkeplerinin plastikler, metaller, cam ve baz\u0131 ka\u011f\u0131t t\u00fcrleri gibi geni\u015f bir malzeme yelpazesine uygulanmas\u0131n\u0131 kolayla\u015ft\u0131r\u0131r.<\/li>\n<\/ul>\n","protected":false},"featured_media":760,"template":"","meta":[],"product_brand":[],"product_cat":[40,28],"product_tag":[],"class_list":{"0":"post-759","1":"product","2":"type-product","3":"status-publish","4":"has-post-thumbnail","6":"product_cat-kgkjet","7":"product_cat-muadil-kartus-murekkep","9":"first","10":"instock","11":"shipping-taxable","12":"product-type-simple"},"_links":{"self":[{"href":"https:\/\/www.analizkodlama.com\/index.php\/wp-json\/wp\/v2\/product\/759","targetHints":{"allow":["GET"]}}],"collection":[{"href":"https:\/\/www.analizkodlama.com\/index.php\/wp-json\/wp\/v2\/product"}],"about":[{"href":"https:\/\/www.analizkodlama.com\/index.php\/wp-json\/wp\/v2\/types\/product"}],"wp:featuredmedia":[{"embeddable":true,"href":"https:\/\/www.analizkodlama.com\/index.php\/wp-json\/wp\/v2\/media\/760"}],"wp:attachment":[{"href":"https:\/\/www.analizkodlama.com\/index.php\/wp-json\/wp\/v2\/media?parent=759"}],"wp:term":[{"taxonomy":"product_brand","embeddable":true,"href":"https:\/\/www.analizkodlama.com\/index.php\/wp-json\/wp\/v2\/product_brand?post=759"},{"taxonomy":"product_cat","embeddable":true,"href":"https:\/\/www.analizkodlama.com\/index.php\/wp-json\/wp\/v2\/product_cat?post=759"},{"taxonomy":"product_tag","embeddable":true,"href":"https:\/\/www.analizkodlama.com\/index.php\/wp-json\/wp\/v2\/product_tag?post=759"}],"curies":[{"name":"wp","href":"https:\/\/api.w.org\/{rel}","templated":true}]}}