{"id":753,"date":"2024-02-26T15:35:52","date_gmt":"2024-02-26T15:35:52","guid":{"rendered":"https:\/\/www.analizkodlama.com\/?post_type=product&#038;p=753"},"modified":"2024-03-15T07:18:08","modified_gmt":"2024-03-15T07:18:08","slug":"585-ink","status":"publish","type":"product","link":"https:\/\/www.analizkodlama.com\/index.php\/product\/585-ink\/","title":{"rendered":"585-INK"},"content":{"rendered":"<p>KGK cihazlar i\u00e7in \u00fcretilen 0,5 lt muadil sar\u0131 m\u00fcrekkep (yellow ink) \u00e7e\u015fididir.<\/p>\n","protected":false},"excerpt":{"rendered":"<p>585-INK, geni\u015f bir yelpazede bask\u0131 ihtiya\u00e7lar\u0131n\u0131 kar\u015f\u0131lamak \u00fczere tasarlanm\u0131\u015f, 500ml ambalajda sunulan profesyonel bir m\u00fcrekkep, sar\u0131 (yellow) renk ve pigment serisidir. Bu m\u00fcrekkep h\u0131zl\u0131 kuruma \u00f6zellikleri ve \u00e7e\u015fitli y\u00fczeylerde m\u00fckemmel bask\u0131 kalitesi sunar. 585-INK, plastikler, metaller, cam ve baz\u0131 ka\u011f\u0131t t\u00fcrleri dahil olmak \u00fczere \u00e7ok \u00e7e\u015fitli malzemeler \u00fczerinde kullan\u0131ma uygundur, bu da onu \u00e7ok y\u00f6nl\u00fc projeler ve end\u00fcstriyel uygulamalar i\u00e7in ideal bir se\u00e7im yapar.<\/p>\n<p>\u00dcr\u00fcn \u00d6zellikleri:<\/p>\n<ul>\n<li>585-INK serisi, kullan\u0131c\u0131lar\u0131n projeleri i\u00e7in m\u00fckemmel renk uyumunu ve istenen efekti sa\u011flamak i\u00e7in tasarlanm\u0131\u015ft\u0131r.<\/li>\n<li>Pigmentli olan bu m\u00fcrekkep, zorlu y\u00fczeylerde bile m\u00fckemmel yap\u0131\u015fma sa\u011flar, b\u00f6ylece bask\u0131lar\u0131n\u0131z\u0131n uzun \u00f6m\u00fcrl\u00fc ve dayan\u0131kl\u0131 olmas\u0131n\u0131 garanti eder.<\/li>\n<li>H\u0131zl\u0131 Kuruma: 585-INK&#8217;in h\u0131zl\u0131 kuruma \u00f6zelli\u011fi, \u00fcretim s\u00fcre\u00e7lerini h\u0131zland\u0131r\u0131r ve bask\u0131 sonras\u0131 i\u015flemlere h\u0131zla ge\u00e7i\u015f yap\u0131lmas\u0131n\u0131 sa\u011flar.<\/li>\n<li>M\u00fckemmel Bask\u0131 Kalitesi: \u00c7e\u015fitli y\u00fczeyler \u00fczerinde keskin ve canl\u0131 bask\u0131lar \u00fcretir, detaylar\u0131 m\u00fckemmel bir \u015fekilde yakalar ve renklerin do\u011frulu\u011funu korur.<\/li>\n<\/ul>\n","protected":false},"featured_media":754,"template":"","meta":[],"product_brand":[],"product_cat":[40,28],"product_tag":[],"class_list":{"0":"post-753","1":"product","2":"type-product","3":"status-publish","4":"has-post-thumbnail","6":"product_cat-kgkjet","7":"product_cat-muadil-kartus-murekkep","9":"first","10":"instock","11":"shipping-taxable","12":"product-type-simple"},"_links":{"self":[{"href":"https:\/\/www.analizkodlama.com\/index.php\/wp-json\/wp\/v2\/product\/753","targetHints":{"allow":["GET"]}}],"collection":[{"href":"https:\/\/www.analizkodlama.com\/index.php\/wp-json\/wp\/v2\/product"}],"about":[{"href":"https:\/\/www.analizkodlama.com\/index.php\/wp-json\/wp\/v2\/types\/product"}],"wp:featuredmedia":[{"embeddable":true,"href":"https:\/\/www.analizkodlama.com\/index.php\/wp-json\/wp\/v2\/media\/754"}],"wp:attachment":[{"href":"https:\/\/www.analizkodlama.com\/index.php\/wp-json\/wp\/v2\/media?parent=753"}],"wp:term":[{"taxonomy":"product_brand","embeddable":true,"href":"https:\/\/www.analizkodlama.com\/index.php\/wp-json\/wp\/v2\/product_brand?post=753"},{"taxonomy":"product_cat","embeddable":true,"href":"https:\/\/www.analizkodlama.com\/index.php\/wp-json\/wp\/v2\/product_cat?post=753"},{"taxonomy":"product_tag","embeddable":true,"href":"https:\/\/www.analizkodlama.com\/index.php\/wp-json\/wp\/v2\/product_tag?post=753"}],"curies":[{"name":"wp","href":"https:\/\/api.w.org\/{rel}","templated":true}]}}