{"id":683,"date":"2024-02-23T20:59:35","date_gmt":"2024-02-23T20:59:35","guid":{"rendered":"https:\/\/www.analizkodlama.com\/?post_type=product&#038;p=683"},"modified":"2024-02-23T20:59:35","modified_gmt":"2024-02-23T20:59:35","slug":"kgkjet-3000l-yazici-alt-kafa-kapagi","status":"publish","type":"product","link":"https:\/\/www.analizkodlama.com\/index.php\/product\/kgkjet-3000l-yazici-alt-kafa-kapagi\/","title":{"rendered":"Kgkjet 3000L Yaz\u0131c\u0131 Alt Kafa Kapa\u011f\u0131"},"content":{"rendered":"","protected":false},"excerpt":{"rendered":"","protected":false},"featured_media":684,"template":"","meta":[],"product_brand":[],"product_cat":[41],"product_tag":[],"class_list":{"0":"post-683","1":"product","2":"type-product","3":"status-publish","4":"has-post-thumbnail","6":"product_cat-sarf-malzeme","8":"first","9":"instock","10":"shipping-taxable","11":"product-type-simple"},"_links":{"self":[{"href":"https:\/\/www.analizkodlama.com\/index.php\/wp-json\/wp\/v2\/product\/683","targetHints":{"allow":["GET"]}}],"collection":[{"href":"https:\/\/www.analizkodlama.com\/index.php\/wp-json\/wp\/v2\/product"}],"about":[{"href":"https:\/\/www.analizkodlama.com\/index.php\/wp-json\/wp\/v2\/types\/product"}],"wp:featuredmedia":[{"embeddable":true,"href":"https:\/\/www.analizkodlama.com\/index.php\/wp-json\/wp\/v2\/media\/684"}],"wp:attachment":[{"href":"https:\/\/www.analizkodlama.com\/index.php\/wp-json\/wp\/v2\/media?parent=683"}],"wp:term":[{"taxonomy":"product_brand","embeddable":true,"href":"https:\/\/www.analizkodlama.com\/index.php\/wp-json\/wp\/v2\/product_brand?post=683"},{"taxonomy":"product_cat","embeddable":true,"href":"https:\/\/www.analizkodlama.com\/index.php\/wp-json\/wp\/v2\/product_cat?post=683"},{"taxonomy":"product_tag","embeddable":true,"href":"https:\/\/www.analizkodlama.com\/index.php\/wp-json\/wp\/v2\/product_tag?post=683"}],"curies":[{"name":"wp","href":"https:\/\/api.w.org\/{rel}","templated":true}]}}