{"id":672,"date":"2024-02-23T20:29:04","date_gmt":"2024-02-23T20:29:04","guid":{"rendered":"https:\/\/www.analizkodlama.com\/?post_type=product&#038;p=672"},"modified":"2024-02-23T20:29:04","modified_gmt":"2024-02-23T20:29:04","slug":"kgkjet-3000l-photocell-soketi","status":"publish","type":"product","link":"https:\/\/www.analizkodlama.com\/index.php\/product\/kgkjet-3000l-photocell-soketi\/","title":{"rendered":"Kgkjet 3000L Photocell Soketi"},"content":{"rendered":"<p>KGKjet 3000L Photocell Soketi, KGKjet&#8217;in 3000L modeline \u00f6zel olarak tasarlanm\u0131\u015f bir yedek par\u00e7ad\u0131r. Bu soket, inkjet yaz\u0131c\u0131lar\u0131n foto\u011fraf h\u00fccreleri ile ileti\u015fim kurmas\u0131n\u0131 sa\u011flayan kritik bir bile\u015fendir. Foto\u011fraf h\u00fccreleri veya fotocell&#8217;ler, \u00fcretim hatlar\u0131nda malzemelerin konumunu tespit ederek, yaz\u0131c\u0131ya do\u011fru zamanda bask\u0131 yapmas\u0131 i\u00e7in sinyal g\u00f6nderir. KGKjet 3000L Photocell Soketi&#8217;nin sa\u011flad\u0131\u011f\u0131 g\u00fcvenilir ba\u011flant\u0131 sayesinde, y\u00fcksek h\u0131zl\u0131 \u00fcretim s\u00fcre\u00e7lerinde bile kesintisiz ve hatas\u0131z bask\u0131 i\u015flemleri m\u00fcmk\u00fcn olur.<\/p>\n<h3>KGKjet 3000L Photocell Soketinin \u00d6zellikleri ve Avantajlar\u0131<\/h3>\n<ul>\n<li><strong>M\u00fckemmel Uyumluluk:<\/strong> KGKjet 3000L modeli ile m\u00fckemmel uyum sa\u011flar, bu sayede y\u00fcksek verimlilik ve performans elde edilir.<\/li>\n<li><strong>Y\u00fcksek Kaliteli \u0130leti\u015fim:<\/strong> Fotocell&#8217;lerden gelen sinyalleri kesintisiz bir \u015fekilde alarak, yaz\u0131c\u0131n\u0131n \u00fcretim hatt\u0131ndaki nesneleri do\u011fru zamanlama ile i\u015faretlemesini sa\u011flar.<\/li>\n<li><strong>Dayan\u0131kl\u0131 Tasar\u0131m:<\/strong> End\u00fcstriyel kullan\u0131m i\u00e7in tasarlanm\u0131\u015f olup, zorlu \u00fcretim ortamlar\u0131nda bile uzun \u00f6m\u00fcrl\u00fcd\u00fcr.<\/li>\n<li><strong>Kolay Montaj ve Bak\u0131m:<\/strong> Kullan\u0131c\u0131 dostu tasar\u0131m\u0131 sayesinde, kolayca monte edilebilir ve gerekli bak\u0131m i\u015flemleri basit\u00e7e yap\u0131labilir.<\/li>\n<li><strong>Operasyonel Verimlilik:<\/strong> Yaz\u0131c\u0131 ve fotocell aras\u0131ndaki ileti\u015fimi optimize ederek, \u00fcretim hatlar\u0131nda malzeme israf\u0131n\u0131 azalt\u0131r ve operasyonel verimlili\u011fi art\u0131r\u0131r.<\/li>\n<\/ul>\n","protected":false},"excerpt":{"rendered":"<p>KGKjet 3000L Photocell Soketi, KGKjet&#8217;in 3000L modeline \u00f6zel olarak tasarlanm\u0131\u015f bir yedek par\u00e7ad\u0131r. Bu soket, inkjet yaz\u0131c\u0131lar\u0131n foto\u011fraf h\u00fccreleri ile ileti\u015fim kurmas\u0131n\u0131 sa\u011flayan kritik bir bile\u015fendir. Foto\u011fraf h\u00fccreleri veya fotocell&#8217;ler, \u00fcretim hatlar\u0131nda malzemelerin konumunu tespit ederek, yaz\u0131c\u0131ya do\u011fru zamanda bask\u0131 yapmas\u0131 i\u00e7in sinyal g\u00f6nderir. KGKjet 3000L Photocell Soketi&#8217;nin sa\u011flad\u0131\u011f\u0131 g\u00fcvenilir ba\u011flant\u0131 sayesinde, y\u00fcksek h\u0131zl\u0131 \u00fcretim s\u00fcre\u00e7lerinde bile kesintisiz ve hatas\u0131z bask\u0131 i\u015flemleri m\u00fcmk\u00fcn olur.<\/p>\n<h3>KGKjet 3000L Photocell Soketinin \u00d6zellikleri ve Avantajlar\u0131<\/h3>\n<ul>\n<li><strong>M\u00fckemmel Uyumluluk:<\/strong> KGKjet 3000L modeli ile m\u00fckemmel uyum sa\u011flar, bu sayede y\u00fcksek verimlilik ve performans elde edilir.<\/li>\n<li><strong>Y\u00fcksek Kaliteli \u0130leti\u015fim:<\/strong> Fotocell&#8217;lerden gelen sinyalleri kesintisiz bir \u015fekilde alarak, yaz\u0131c\u0131n\u0131n \u00fcretim hatt\u0131ndaki nesneleri do\u011fru zamanlama ile i\u015faretlemesini sa\u011flar.<\/li>\n<li><strong>Dayan\u0131kl\u0131 Tasar\u0131m:<\/strong> End\u00fcstriyel kullan\u0131m i\u00e7in tasarlanm\u0131\u015f olup, zorlu \u00fcretim ortamlar\u0131nda bile uzun \u00f6m\u00fcrl\u00fcd\u00fcr.<\/li>\n<li><strong>Kolay Montaj ve Bak\u0131m:<\/strong> Kullan\u0131c\u0131 dostu tasar\u0131m\u0131 sayesinde, kolayca monte edilebilir ve gerekli bak\u0131m i\u015flemleri basit\u00e7e yap\u0131labilir.<\/li>\n<li><strong>Operasyonel Verimlilik:<\/strong> Yaz\u0131c\u0131 ve fotocell aras\u0131ndaki ileti\u015fimi optimize ederek, \u00fcretim hatlar\u0131nda malzeme israf\u0131n\u0131 azalt\u0131r ve operasyonel verimlili\u011fi art\u0131r\u0131r.<\/li>\n<\/ul>\n","protected":false},"featured_media":673,"template":"","meta":[],"product_brand":[],"product_cat":[41],"product_tag":[],"class_list":{"0":"post-672","1":"product","2":"type-product","3":"status-publish","4":"has-post-thumbnail","6":"product_cat-sarf-malzeme","8":"first","9":"instock","10":"shipping-taxable","11":"product-type-simple"},"_links":{"self":[{"href":"https:\/\/www.analizkodlama.com\/index.php\/wp-json\/wp\/v2\/product\/672","targetHints":{"allow":["GET"]}}],"collection":[{"href":"https:\/\/www.analizkodlama.com\/index.php\/wp-json\/wp\/v2\/product"}],"about":[{"href":"https:\/\/www.analizkodlama.com\/index.php\/wp-json\/wp\/v2\/types\/product"}],"wp:featuredmedia":[{"embeddable":true,"href":"https:\/\/www.analizkodlama.com\/index.php\/wp-json\/wp\/v2\/media\/673"}],"wp:attachment":[{"href":"https:\/\/www.analizkodlama.com\/index.php\/wp-json\/wp\/v2\/media?parent=672"}],"wp:term":[{"taxonomy":"product_brand","embeddable":true,"href":"https:\/\/www.analizkodlama.com\/index.php\/wp-json\/wp\/v2\/product_brand?post=672"},{"taxonomy":"product_cat","embeddable":true,"href":"https:\/\/www.analizkodlama.com\/index.php\/wp-json\/wp\/v2\/product_cat?post=672"},{"taxonomy":"product_tag","embeddable":true,"href":"https:\/\/www.analizkodlama.com\/index.php\/wp-json\/wp\/v2\/product_tag?post=672"}],"curies":[{"name":"wp","href":"https:\/\/api.w.org\/{rel}","templated":true}]}}