{"id":658,"date":"2024-02-23T20:07:02","date_gmt":"2024-02-23T20:07:02","guid":{"rendered":"https:\/\/www.analizkodlama.com\/?post_type=product&#038;p=658"},"modified":"2024-02-23T20:07:02","modified_gmt":"2024-02-23T20:07:02","slug":"videojet-revize-core","status":"publish","type":"product","link":"https:\/\/www.analizkodlama.com\/index.php\/product\/videojet-revize-core\/","title":{"rendered":"Videojet Revize Core"},"content":{"rendered":"<p>Videojet Revize Core, end\u00fcstriyel bask\u0131 ve kodlama \u00e7\u00f6z\u00fcmlerinde \u00f6nc\u00fc olan Videojet Technologies taraf\u0131ndan sunulan bir sarf malzemesidir. Bu \u00fcr\u00fcn, Videojet&#8217;in geni\u015f \u00fcr\u00fcn yelpazesinde yer alan inkjet yaz\u0131c\u0131lar, lazer kodlama sistemleri ve etiketleme ekipmanlar\u0131 gibi \u00e7e\u015fitli bask\u0131 ve kodlama makineleri i\u00e7in \u00f6zel olarak tasarlanm\u0131\u015ft\u0131r. Videojet Revize Core, y\u00fcksek kalitede bask\u0131 ve uzun \u00f6m\u00fcrl\u00fc kodlama sa\u011flamak \u00fczere geli\u015ftirilmi\u015ftir, b\u00f6ylece \u00fcreticiler ve paketleyiciler, \u00fcr\u00fcnlerini etkili bir \u015fekilde i\u015faretleyip, takip edebilirler.<\/p>\n<h3>Videojet Revize Core&#8217;un \u00d6zellikleri ve Avantajlar\u0131<\/h3>\n<ul>\n<li><strong>Y\u00fcksek Kaliteli Bask\u0131:<\/strong> Videojet Revize Core, net ve okunakl\u0131 bask\u0131lar sa\u011flar. Bu, \u00f6zellikle barkod, \u00fcr\u00fcn bilgileri, son kullanma tarihleri ve parti numaralar\u0131 gibi hassas bilgilerin bask\u0131s\u0131nda \u00f6nemlidir.<\/li>\n<li><strong>Uzun \u00d6m\u00fcr:<\/strong> Y\u00fcksek kaliteli m\u00fcrekkep ve di\u011fer sarf malzemeleri sayesinde, Videojet yaz\u0131c\u0131lar uzun s\u00fcre boyunca sorunsuz bir \u015fekilde \u00e7al\u0131\u015fabilir. Bu da azalan bak\u0131m ihtiyac\u0131 ve d\u00fc\u015f\u00fck i\u015fletme maliyetleri anlam\u0131na gelir.<\/li>\n<li><strong>Geni\u015f Uyumluluk:<\/strong> Videojet Revize Core, farkl\u0131 y\u00fczeylerde ve materyallerde kullan\u0131lmak \u00fczere tasarlanm\u0131\u015ft\u0131r. Bu, plastik, cam, metal ve ka\u011f\u0131t gibi \u00e7e\u015fitli ambalaj malzemelerine uygulanabilir.<\/li>\n<li><strong>\u00c7evre Dostu Se\u00e7enekler:<\/strong> Videojet, \u00e7evreye olan etkisini azaltmak i\u00e7in \u00e7evre dostu sarf malzemeleri sunmaktad\u0131r. Bu, s\u00fcrd\u00fcr\u00fclebilir \u00fcretim uygulamalar\u0131n\u0131 benimseyen i\u015fletmeler i\u00e7in idealdir.<\/li>\n<li><strong>Kolay Entegrasyon ve Kullan\u0131m:<\/strong> Videojet yaz\u0131c\u0131lar ve Revize Core sarf malzemeleri, mevcut \u00fcretim hatlar\u0131na kolayca entegre edilebilir ve kullan\u0131m\u0131 basittir. Bu, \u00fcretim s\u00fcre\u00e7lerinde verimlili\u011fi art\u0131r\u0131r.<\/li>\n<\/ul>\n","protected":false},"excerpt":{"rendered":"<p>Videojet Revize Core, end\u00fcstriyel bask\u0131 ve kodlama \u00e7\u00f6z\u00fcmlerinde \u00f6nc\u00fc olan Videojet Technologies taraf\u0131ndan sunulan bir sarf malzemesidir. Bu \u00fcr\u00fcn, Videojet&#8217;in geni\u015f \u00fcr\u00fcn yelpazesinde yer alan inkjet yaz\u0131c\u0131lar, lazer kodlama sistemleri ve etiketleme ekipmanlar\u0131 gibi \u00e7e\u015fitli bask\u0131 ve kodlama makineleri i\u00e7in \u00f6zel olarak tasarlanm\u0131\u015ft\u0131r. Videojet Revize Core, y\u00fcksek kalitede bask\u0131 ve uzun \u00f6m\u00fcrl\u00fc kodlama sa\u011flamak \u00fczere geli\u015ftirilmi\u015ftir, b\u00f6ylece \u00fcreticiler ve paketleyiciler, \u00fcr\u00fcnlerini etkili bir \u015fekilde i\u015faretleyip, takip edebilirler.<\/p>\n<h3>Videojet Revize Core&#8217;un \u00d6zellikleri ve Avantajlar\u0131<\/h3>\n<ul>\n<li><strong>Y\u00fcksek Kaliteli Bask\u0131:<\/strong> Videojet Revize Core, net ve okunakl\u0131 bask\u0131lar sa\u011flar. Bu, \u00f6zellikle barkod, \u00fcr\u00fcn bilgileri, son kullanma tarihleri ve parti numaralar\u0131 gibi hassas bilgilerin bask\u0131s\u0131nda \u00f6nemlidir.<\/li>\n<li><strong>Uzun \u00d6m\u00fcr:<\/strong> Y\u00fcksek kaliteli m\u00fcrekkep ve di\u011fer sarf malzemeleri sayesinde, Videojet yaz\u0131c\u0131lar uzun s\u00fcre boyunca sorunsuz bir \u015fekilde \u00e7al\u0131\u015fabilir. Bu da azalan bak\u0131m ihtiyac\u0131 ve d\u00fc\u015f\u00fck i\u015fletme maliyetleri anlam\u0131na gelir.<\/li>\n<li><strong>Geni\u015f Uyumluluk:<\/strong> Videojet Revize Core, farkl\u0131 y\u00fczeylerde ve materyallerde kullan\u0131lmak \u00fczere tasarlanm\u0131\u015ft\u0131r. Bu, plastik, cam, metal ve ka\u011f\u0131t gibi \u00e7e\u015fitli ambalaj malzemelerine uygulanabilir.<\/li>\n<li><strong>\u00c7evre Dostu Se\u00e7enekler:<\/strong> Videojet, \u00e7evreye olan etkisini azaltmak i\u00e7in \u00e7evre dostu sarf malzemeleri sunmaktad\u0131r. Bu, s\u00fcrd\u00fcr\u00fclebilir \u00fcretim uygulamalar\u0131n\u0131 benimseyen i\u015fletmeler i\u00e7in idealdir.<\/li>\n<li><strong>Kolay Entegrasyon ve Kullan\u0131m:<\/strong> Videojet yaz\u0131c\u0131lar ve Revize Core sarf malzemeleri, mevcut \u00fcretim hatlar\u0131na kolayca entegre edilebilir ve kullan\u0131m\u0131 basittir. Bu, \u00fcretim s\u00fcre\u00e7lerinde verimlili\u011fi art\u0131r\u0131r.<\/li>\n<\/ul>\n","protected":false},"featured_media":659,"template":"","meta":[],"product_brand":[],"product_cat":[41],"product_tag":[],"class_list":{"0":"post-658","1":"product","2":"type-product","3":"status-publish","4":"has-post-thumbnail","6":"product_cat-sarf-malzeme","8":"first","9":"instock","10":"shipping-taxable","11":"product-type-simple"},"_links":{"self":[{"href":"https:\/\/www.analizkodlama.com\/index.php\/wp-json\/wp\/v2\/product\/658","targetHints":{"allow":["GET"]}}],"collection":[{"href":"https:\/\/www.analizkodlama.com\/index.php\/wp-json\/wp\/v2\/product"}],"about":[{"href":"https:\/\/www.analizkodlama.com\/index.php\/wp-json\/wp\/v2\/types\/product"}],"wp:featuredmedia":[{"embeddable":true,"href":"https:\/\/www.analizkodlama.com\/index.php\/wp-json\/wp\/v2\/media\/659"}],"wp:attachment":[{"href":"https:\/\/www.analizkodlama.com\/index.php\/wp-json\/wp\/v2\/media?parent=658"}],"wp:term":[{"taxonomy":"product_brand","embeddable":true,"href":"https:\/\/www.analizkodlama.com\/index.php\/wp-json\/wp\/v2\/product_brand?post=658"},{"taxonomy":"product_cat","embeddable":true,"href":"https:\/\/www.analizkodlama.com\/index.php\/wp-json\/wp\/v2\/product_cat?post=658"},{"taxonomy":"product_tag","embeddable":true,"href":"https:\/\/www.analizkodlama.com\/index.php\/wp-json\/wp\/v2\/product_tag?post=658"}],"curies":[{"name":"wp","href":"https:\/\/api.w.org\/{rel}","templated":true}]}}