{"id":330,"date":"2024-02-14T21:09:52","date_gmt":"2024-02-14T21:09:52","guid":{"rendered":"https:\/\/www.analizkodlama.com\/?post_type=product&#038;p=330"},"modified":"2024-02-26T10:34:15","modified_gmt":"2024-02-26T10:34:15","slug":"401-ve-602-set","status":"publish","type":"product","link":"https:\/\/www.analizkodlama.com\/index.php\/product\/401-ve-602-set\/","title":{"rendered":"401 ve 602 Set"},"content":{"rendered":"<h3>Genel \u00dcr\u00fcn Bilgisi<\/h3>\n<ul>\n<li><strong>401 ve 602 Kartu\u015flar<\/strong>: Bu kartu\u015flar, belirli bask\u0131 gereksinimlerine uygun olarak tasarlanm\u0131\u015f olabilir ve farkl\u0131 renklerde veya \u00f6zel m\u00fcrekkep t\u00fcrlerinde olabilirler. Y\u00fcksek adhezyon, h\u0131zl\u0131 kuruma \u00f6zellikleri ve \u00e7e\u015fitli y\u00fczeylerde m\u00fckemmel bask\u0131 kalitesi sunabilirler. Bu kartu\u015flar, plastikler, metaller, cam ve baz\u0131 ka\u011f\u0131t t\u00fcrleri dahil olmak \u00fczere geni\u015f bir malzeme yelpazesine uygulanabilir.<\/li>\n<li><strong>16-3601Q Clean Wash<\/strong>: Bu \u00fcr\u00fcn, bask\u0131 kafalar\u0131n\u0131 ve m\u00fcrekkep kanallar\u0131n\u0131 temizlemek i\u00e7in kullan\u0131lan bir temizleme sol\u00fcsyonudur. Temizleme sol\u00fcsyonunun amac\u0131, m\u00fcrekkep sisteminin d\u00fczg\u00fcn \u00e7al\u0131\u015fmas\u0131n\u0131 sa\u011flamak, nozullar\u0131 t\u0131kan\u0131kl\u0131ktan korumak ve bask\u0131 kalitesini optimize etmek olabilir.<\/li>\n<\/ul>\n","protected":false},"excerpt":{"rendered":"<p>Genel \u00dcr\u00fcn Bilgisi 401 ve 602 Kartu\u015flar: Bu kartu\u015flar, belirli bask\u0131 gereksinimlerine uygun olarak tasarlanm\u0131\u015f olabilir ve farkl\u0131 renklerde veya \u00f6zel m\u00fcrekkep t\u00fcrlerinde olabilirler. Y\u00fcksek adhezyon, h\u0131zl\u0131 kuruma \u00f6zellikleri ve \u00e7e\u015fitli y\u00fczeylerde m\u00fckemmel bask\u0131 kalitesi sunabilirler. Bu kartu\u015flar, plastikler, metaller, cam ve baz\u0131 ka\u011f\u0131t t\u00fcrleri dahil olmak \u00fczere geni\u015f bir malzeme yelpazesine uygulanabilir. 16-3601Q Clean [&hellip;]<\/p>\n","protected":false},"featured_media":331,"template":"","meta":[],"product_brand":[],"product_cat":[28,39],"product_tag":[],"class_list":{"0":"post-330","1":"product","2":"type-product","3":"status-publish","4":"has-post-thumbnail","6":"product_cat-muadil-kartus-murekkep","7":"product_cat-videojet","9":"first","10":"instock","11":"shipping-taxable","12":"product-type-simple"},"_links":{"self":[{"href":"https:\/\/www.analizkodlama.com\/index.php\/wp-json\/wp\/v2\/product\/330","targetHints":{"allow":["GET"]}}],"collection":[{"href":"https:\/\/www.analizkodlama.com\/index.php\/wp-json\/wp\/v2\/product"}],"about":[{"href":"https:\/\/www.analizkodlama.com\/index.php\/wp-json\/wp\/v2\/types\/product"}],"wp:featuredmedia":[{"embeddable":true,"href":"https:\/\/www.analizkodlama.com\/index.php\/wp-json\/wp\/v2\/media\/331"}],"wp:attachment":[{"href":"https:\/\/www.analizkodlama.com\/index.php\/wp-json\/wp\/v2\/media?parent=330"}],"wp:term":[{"taxonomy":"product_brand","embeddable":true,"href":"https:\/\/www.analizkodlama.com\/index.php\/wp-json\/wp\/v2\/product_brand?post=330"},{"taxonomy":"product_cat","embeddable":true,"href":"https:\/\/www.analizkodlama.com\/index.php\/wp-json\/wp\/v2\/product_cat?post=330"},{"taxonomy":"product_tag","embeddable":true,"href":"https:\/\/www.analizkodlama.com\/index.php\/wp-json\/wp\/v2\/product_tag?post=330"}],"curies":[{"name":"wp","href":"https:\/\/api.w.org\/{rel}","templated":true}]}}