{"id":326,"date":"2024-02-14T21:06:10","date_gmt":"2024-02-14T21:06:10","guid":{"rendered":"https:\/\/www.analizkodlama.com\/?post_type=product&#038;p=326"},"modified":"2024-03-12T07:08:14","modified_gmt":"2024-03-12T07:08:14","slug":"543-ve-543-y-set","status":"publish","type":"product","link":"https:\/\/www.analizkodlama.com\/index.php\/product\/543-ve-543-y-set\/","title":{"rendered":"543 ve 543-Y Set"},"content":{"rendered":"<p>543 ve 543-Y ve 500 den olu\u015fan siyah m\u00fcrekkep, inceltici ve y\u0131kama setidir.<\/p>\n","protected":false},"excerpt":{"rendered":"<h3>Genel \u00dcr\u00fcn Bilgisi<\/h3>\n<ul>\n<li style=\"text-align: left;\"><strong>543 INK:<\/strong> Bu m\u00fcrekkep \u00e7e\u015fidi siyah renk olup KGK marka cihazlar i\u00e7in standart olarak kullan\u0131lan y\u00fcksek kaliteli normal kuruma ve tutunma \u00f6zelli\u011fi i\u00e7in tasarlanm\u0131\u015ft\u0131r. M\u00fcrekkep kartu\u015flar\u0131n\u0131n spesifik \u00f6zellikleri, uygulanan y\u00fczeylerin \u00e7e\u015fitlili\u011fi, m\u00fcrekkebin kuruma h\u0131z\u0131 ve \u00e7evresel ko\u015fullara kar\u015f\u0131 dayan\u0131kl\u0131l\u0131\u011f\u0131 gibi fakt\u00f6rlere g\u00f6re de\u011fi\u015fiklik g\u00f6sterebilir.<\/li>\n<li style=\"text-align: left;\"><strong>543-Y MAKE-UP:<\/strong> KGK marka cihazlar i\u00e7in haz\u0131rlanm\u0131\u015f olan 543 m\u00fcrekkebinin incelticisidir. M\u00fcrekkebin viskozitesini (ak\u0131\u015fkanl\u0131k) d\u00fc\u015f\u00fcrmek veya korumak i\u00e7in kullan\u0131lan sarf malzemedir.<\/li>\n<li style=\"text-align: left;\"><strong>500 WASH CLEAN:<\/strong> Kodlama cihazlar\u0131nda yaz\u0131c\u0131 kafa da kirlenme, yanl\u0131\u015f kapama veya ortam ko\u015fullar\u0131na g\u00f6re t\u0131kanma sonu\u00e7lar\u0131nda kafalarda olu\u015fan kurumu\u015f veya \u0131slak m\u00fcrekkebi temizlemek i\u00e7in kullan\u0131lan sarf malzemedir.<\/li>\n<\/ul>\n","protected":false},"featured_media":327,"template":"","meta":[],"product_brand":[],"product_cat":[40,28],"product_tag":[],"class_list":{"0":"post-326","1":"product","2":"type-product","3":"status-publish","4":"has-post-thumbnail","6":"product_cat-kgkjet","7":"product_cat-muadil-kartus-murekkep","9":"first","10":"instock","11":"shipping-taxable","12":"product-type-simple"},"_links":{"self":[{"href":"https:\/\/www.analizkodlama.com\/index.php\/wp-json\/wp\/v2\/product\/326","targetHints":{"allow":["GET"]}}],"collection":[{"href":"https:\/\/www.analizkodlama.com\/index.php\/wp-json\/wp\/v2\/product"}],"about":[{"href":"https:\/\/www.analizkodlama.com\/index.php\/wp-json\/wp\/v2\/types\/product"}],"wp:featuredmedia":[{"embeddable":true,"href":"https:\/\/www.analizkodlama.com\/index.php\/wp-json\/wp\/v2\/media\/327"}],"wp:attachment":[{"href":"https:\/\/www.analizkodlama.com\/index.php\/wp-json\/wp\/v2\/media?parent=326"}],"wp:term":[{"taxonomy":"product_brand","embeddable":true,"href":"https:\/\/www.analizkodlama.com\/index.php\/wp-json\/wp\/v2\/product_brand?post=326"},{"taxonomy":"product_cat","embeddable":true,"href":"https:\/\/www.analizkodlama.com\/index.php\/wp-json\/wp\/v2\/product_cat?post=326"},{"taxonomy":"product_tag","embeddable":true,"href":"https:\/\/www.analizkodlama.com\/index.php\/wp-json\/wp\/v2\/product_tag?post=326"}],"curies":[{"name":"wp","href":"https:\/\/api.w.org\/{rel}","templated":true}]}}