{"id":120,"date":"2021-03-18T08:17:44","date_gmt":"2021-03-18T08:17:44","guid":{"rendered":"https:\/\/www.analizkodlama.com\/index.php\/about\/"},"modified":"2024-02-17T19:16:33","modified_gmt":"2024-02-17T19:16:33","slug":"hakkimizda","status":"publish","type":"page","link":"https:\/\/www.analizkodlama.com\/index.php\/hakkimizda\/","title":{"rendered":"Hakk\u0131m\u0131zda"},"content":{"rendered":"\t\t<div data-elementor-type=\"wp-page\" data-elementor-id=\"120\" class=\"elementor elementor-120\" data-elementor-post-type=\"page\">\n\t\t\t\t\t\t<section class=\"elementor-section elementor-top-section elementor-element elementor-element-03246b4 elementor-section-boxed elementor-section-height-default elementor-section-height-default\" data-id=\"03246b4\" data-element_type=\"section\">\n\t\t\t\t\t\t<div class=\"elementor-container elementor-column-gap-no\">\n\t\t\t\t\t<div class=\"aux-parallax-section elementor-column elementor-col-50 elementor-top-column elementor-element elementor-element-40c3643\" data-id=\"40c3643\" data-element_type=\"column\">\n\t\t\t<div class=\"elementor-widget-wrap elementor-element-populated\">\n\t\t\t\t\t\t<div class=\"elementor-element elementor-element-71a04dd aux-appear-watch-animation aux-fade-in-up-1 elementor-widget elementor-widget-aux_modern_heading\" data-id=\"71a04dd\" data-element_type=\"widget\" data-widget_type=\"aux_modern_heading.default\">\n\t\t\t\t<div class=\"elementor-widget-container\">\n\t\t\t\t\t<section class=\"aux-widget-modern-heading\">\n            <div class=\"aux-widget-inner\"><h5 class=\"aux-modern-heading-primary\">Hakk\u0131m\u0131zda<\/h5><h3 class=\"aux-modern-heading-secondary\"><span class=\"aux-head-before\">Firmam\u0131z\u0131n Hikayesi<\/span><\/h3><div class=\"aux-modern-heading-description\"><p>Analiz Kodlama, inkjet kodlama sekt\u00f6r\u00fcnde 10 y\u0131l\u0131 a\u015fk\u0131n s\u00fcredir faaliyet g\u00f6stermektedir. <br \/>Teknoloji ve inovasyona dayal\u0131 yakla\u015f\u0131m\u0131m\u0131zla, end\u00fcstriyel kodlama cihazlar\u0131 konusunda derinlemesine uzmanl\u0131k ve \u00f6nc\u00fc \u00e7\u00f6z\u00fcmler sunmaktay\u0131z.<br \/>M\u00fc\u015fterilerimizin ihtiya\u00e7lar\u0131na y\u00f6nelik kaliteli, g\u00fcvenilir ve ekonomik hizmetler sa\u011flamak temel amac\u0131m\u0131zd\u0131r.<\/p><\/div><\/div>\n        <\/section>\t\t\t\t<\/div>\n\t\t\t\t<\/div>\n\t\t\t\t<div class=\"elementor-element elementor-element-cf1995c elementor-widget-tablet__width-auto aux-appear-watch-animation aux-fade-in-up-1 elementor-widget elementor-widget-aux_flex_label\" data-id=\"cf1995c\" data-element_type=\"widget\" data-widget_type=\"aux_flex_label.default\">\n\t\t\t\t<div class=\"elementor-widget-container\">\n\t\t\t\t\t<section class=\"widget-container aux-widget-container aux-widget-flex-label\">\n            <div class=\"aux-widget-inner \"><p class=\"aux-flex-label-wrap\">Sorunuz i\u00e7in Bize Ula\u015f\u0131n!<span class=\"aux-label-piece aux-label-piece-221a393 elementor-repeater-item-221a393\" > 0541 199 8500<\/span><\/p><\/div>\n        <\/section>\t\t\t\t<\/div>\n\t\t\t\t<\/div>\n\t\t\t\t\t<\/div>\n\t\t<\/div>\n\t\t\t\t<div class=\"aux-parallax-section elementor-column elementor-col-50 elementor-top-column elementor-element elementor-element-1e7788b\" data-id=\"1e7788b\" data-element_type=\"column\">\n\t\t\t<div class=\"elementor-widget-wrap elementor-element-populated\">\n\t\t\t\t\t\t<div class=\"elementor-element elementor-element-19d20cd aux-appear-watch-animation aux-scale-up elementor-widget elementor-widget-aux_image\" data-id=\"19d20cd\" data-element_type=\"widget\" data-widget_type=\"aux_image.default\">\n\t\t\t\t<div class=\"elementor-widget-container\">\n\t\t\t\t\t<section class=\"widget-container aux-widget-image aux-alignnone aux-parent-au0b2e43a5\">\n    <div class=\"aux-media-hint-frame \">\n        <div class=\"aux-media-image \" >\n        \n            \n\n            \n            <img fetchpriority=\"high\" decoding=\"async\" width=\"1792\" height=\"1024\" src=\"https:\/\/www.analizkodlama.com\/wp-content\/uploads\/2024\/02\/hkkimizda.webp\" class=\"aux-attachment aux-featured-image aux-attachment-id-354\" alt=\"hkkimizda\" data-ratio=\"1.75\" data-original-w=\"1792\" \/>            \n                <\/div>\n    <\/div>\n\n<\/section><!-- widget-container -->\t\t\t\t<\/div>\n\t\t\t\t<\/div>\n\t\t\t\t\t<\/div>\n\t\t<\/div>\n\t\t\t\t\t<\/div>\n\t\t<\/section>\n\t\t\t\t<section class=\"elementor-section elementor-top-section elementor-element elementor-element-3c2c086 elementor-section-full_width elementor-section-height-default elementor-section-height-default\" data-id=\"3c2c086\" data-element_type=\"section\" data-settings=\"{&quot;background_background&quot;:&quot;classic&quot;}\">\n\t\t\t\t\t\t<div class=\"elementor-container elementor-column-gap-no\">\n\t\t\t\t\t<div class=\"aux-parallax-section elementor-column elementor-col-100 elementor-top-column elementor-element elementor-element-29d8c4f\" data-id=\"29d8c4f\" data-element_type=\"column\">\n\t\t\t<div class=\"elementor-widget-wrap elementor-element-populated\">\n\t\t\t\t\t\t<section class=\"elementor-section elementor-inner-section elementor-element elementor-element-1f7d98a elementor-section-boxed elementor-section-height-default elementor-section-height-default\" data-id=\"1f7d98a\" data-element_type=\"section\">\n\t\t\t\t\t\t<div class=\"elementor-container elementor-column-gap-no\">\n\t\t\t\t\t<div class=\"aux-parallax-section elementor-column elementor-col-50 elementor-inner-column elementor-element elementor-element-27db770 aux-appear-watch-animation aux-scale-down-1\" data-id=\"27db770\" data-element_type=\"column\" data-settings=\"{&quot;background_background&quot;:&quot;gradient&quot;}\">\n\t\t\t<div class=\"elementor-widget-wrap elementor-element-populated\">\n\t\t\t\t\t\t<div class=\"elementor-element elementor-element-57418c9 elementor-widget elementor-widget-aux_modern_heading\" data-id=\"57418c9\" data-element_type=\"widget\" data-widget_type=\"aux_modern_heading.default\">\n\t\t\t\t<div class=\"elementor-widget-container\">\n\t\t\t\t\t<section class=\"aux-widget-modern-heading\">\n            <div class=\"aux-widget-inner\"><h5 class=\"aux-modern-heading-primary\">Misyonumuz<\/h5><div class=\"aux-modern-heading-description\"><p>\u0130\u015fletmelerin \u00fcretim s\u00fcre\u00e7lerinde kesintisizlik sa\u011flayarak, verimliliklerini art\u0131rmak ve operasyonel maliyetlerini minimize etmek. M\u00fc\u015fteri memnuniyetini en \u00fcst d\u00fczeyde tutarak, kaliteli hizmet anlay\u0131\u015f\u0131yla sekt\u00f6rdeki lider konumumuzu peki\u015ftirmek.<\/p><\/div><\/div>\n        <\/section>\t\t\t\t<\/div>\n\t\t\t\t<\/div>\n\t\t\t\t\t<\/div>\n\t\t<\/div>\n\t\t\t\t<div class=\"aux-parallax-section elementor-column elementor-col-50 elementor-inner-column elementor-element elementor-element-2bd3742\" data-id=\"2bd3742\" data-element_type=\"column\">\n\t\t\t<div class=\"elementor-widget-wrap\">\n\t\t\t\t\t\t\t<\/div>\n\t\t<\/div>\n\t\t\t\t\t<\/div>\n\t\t<\/section>\n\t\t\t\t\t<\/div>\n\t\t<\/div>\n\t\t\t\t\t<\/div>\n\t\t<\/section>\n\t\t\t\t<section class=\"elementor-section elementor-top-section elementor-element elementor-element-e82aed3 elementor-section-boxed elementor-section-height-default elementor-section-height-default\" data-id=\"e82aed3\" data-element_type=\"section\" data-settings=\"{&quot;shape_divider_top&quot;:&quot;mountains&quot;}\">\n\t\t\t\t\t<div class=\"elementor-shape elementor-shape-top\" aria-hidden=\"true\" data-negative=\"false\">\n\t\t\t<svg xmlns=\"http:\/\/www.w3.org\/2000\/svg\" viewBox=\"0 0 1000 100\" preserveAspectRatio=\"none\">\n\t<path class=\"elementor-shape-fill\" opacity=\"0.33\" d=\"M473,67.3c-203.9,88.3-263.1-34-320.3,0C66,119.1,0,59.7,0,59.7V0h1000v59.7 c0,0-62.1,26.1-94.9,29.3c-32.8,3.3-62.8-12.3-75.8-22.1C806,49.6,745.3,8.7,694.9,4.7S492.4,59,473,67.3z\"\/>\n\t<path class=\"elementor-shape-fill\" opacity=\"0.66\" d=\"M734,67.3c-45.5,0-77.2-23.2-129.1-39.1c-28.6-8.7-150.3-10.1-254,39.1 s-91.7-34.4-149.2,0C115.7,118.3,0,39.8,0,39.8V0h1000v36.5c0,0-28.2-18.5-92.1-18.5C810.2,18.1,775.7,67.3,734,67.3z\"\/>\n\t<path class=\"elementor-shape-fill\" d=\"M766.1,28.9c-200-57.5-266,65.5-395.1,19.5C242,1.8,242,5.4,184.8,20.6C128,35.8,132.3,44.9,89.9,52.5C28.6,63.7,0,0,0,0 h1000c0,0-9.9,40.9-83.6,48.1S829.6,47,766.1,28.9z\"\/>\n<\/svg>\t\t<\/div>\n\t\t\t\t\t<div class=\"elementor-container elementor-column-gap-no\">\n\t\t\t\t\t<div class=\"aux-parallax-section elementor-column elementor-col-50 elementor-top-column elementor-element elementor-element-6b912ce\" data-id=\"6b912ce\" data-element_type=\"column\">\n\t\t\t<div class=\"elementor-widget-wrap elementor-element-populated\">\n\t\t\t\t\t\t<div class=\"elementor-element elementor-element-00806a1 aux-appear-watch-animation aux-scale-up elementor-widget__width-initial elementor-widget elementor-widget-aux_image\" data-id=\"00806a1\" data-element_type=\"widget\" data-widget_type=\"aux_image.default\">\n\t\t\t\t<div class=\"elementor-widget-container\">\n\t\t\t\t\t<section class=\"widget-container aux-widget-image aux-alignnone aux-parent-au71dfed30\">\n    <div class=\"aux-media-hint-frame \">\n        <div class=\"aux-media-image \" >\n        \n            \n\n            \n            <img decoding=\"async\" width=\"1792\" height=\"1024\" src=\"https:\/\/www.analizkodlama.com\/wp-content\/uploads\/2024\/02\/vizyonumuz.webp\" class=\"aux-attachment aux-featured-image aux-attachment-id-355\" alt=\"vizyonumuz\" data-ratio=\"1.75\" data-original-w=\"1792\" \/>            \n                <\/div>\n    <\/div>\n\n<\/section><!-- widget-container -->\t\t\t\t<\/div>\n\t\t\t\t<\/div>\n\t\t\t\t\t<\/div>\n\t\t<\/div>\n\t\t\t\t<div class=\"aux-parallax-section elementor-column elementor-col-50 elementor-top-column elementor-element elementor-element-1097ab3 aux-appear-watch-animation aux-scale-down-1\" data-id=\"1097ab3\" data-element_type=\"column\" data-settings=\"{&quot;background_background&quot;:&quot;gradient&quot;}\">\n\t\t\t<div class=\"elementor-widget-wrap elementor-element-populated\">\n\t\t\t\t\t\t<div class=\"elementor-element elementor-element-401f7a2 elementor-widget elementor-widget-aux_modern_heading\" data-id=\"401f7a2\" data-element_type=\"widget\" data-widget_type=\"aux_modern_heading.default\">\n\t\t\t\t<div class=\"elementor-widget-container\">\n\t\t\t\t\t<section class=\"aux-widget-modern-heading\">\n            <div class=\"aux-widget-inner\"><h5 class=\"aux-modern-heading-primary\">Vizyonumuz<\/h5><div class=\"aux-modern-heading-description\"><p>nkjet kodlama teknolojilerinde yenilik\u00e7i \u00e7\u00f6z\u00fcmler sunarak, sekt\u00f6rdeki de\u011fi\u015fim ve d\u00f6n\u00fc\u015f\u00fcmlere \u00f6nc\u00fcl\u00fck etmek. S\u00fcrd\u00fcr\u00fclebilir ba\u015far\u0131lar\u0131 destekleyen, \u00e7evreye duyarl\u0131 \u00fcr\u00fcn ve hizmetlerimizle m\u00fc\u015fterilerimizin ilk tercihi olmaya devam etmek.<\/p><\/div><\/div>\n        <\/section>\t\t\t\t<\/div>\n\t\t\t\t<\/div>\n\t\t\t\t\t<\/div>\n\t\t<\/div>\n\t\t\t\t\t<\/div>\n\t\t<\/section>\n\t\t\t\t<section class=\"elementor-section elementor-top-section elementor-element elementor-element-dfe8ea0 elementor-section-boxed elementor-section-height-default elementor-section-height-default\" data-id=\"dfe8ea0\" data-element_type=\"section\">\n\t\t\t\t\t\t<div class=\"elementor-container elementor-column-gap-no\">\n\t\t\t\t\t<div class=\"aux-parallax-section elementor-column elementor-col-100 elementor-top-column elementor-element elementor-element-c467340\" data-id=\"c467340\" data-element_type=\"column\">\n\t\t\t<div class=\"elementor-widget-wrap elementor-element-populated\">\n\t\t\t\t\t\t<div class=\"elementor-element elementor-element-73ae7ad elementor-widget__width-auto aux-appear-watch-animation aux-fade-in-up-1 elementor-widget elementor-widget-aux_modern_heading\" data-id=\"73ae7ad\" data-element_type=\"widget\" data-widget_type=\"aux_modern_heading.default\">\n\t\t\t\t<div class=\"elementor-widget-container\">\n\t\t\t\t\t<section class=\"aux-widget-modern-heading\">\n            <div class=\"aux-widget-inner\"><h5 class=\"aux-modern-heading-primary\">Hizmetler<\/h5><\/div>\n        <\/section>\t\t\t\t<\/div>\n\t\t\t\t<\/div>\n\t\t\t\t<section class=\"elementor-section elementor-inner-section elementor-element elementor-element-b6ba914 elementor-section-boxed elementor-section-height-default elementor-section-height-default\" data-id=\"b6ba914\" data-element_type=\"section\">\n\t\t\t\t\t\t<div class=\"elementor-container elementor-column-gap-no\">\n\t\t\t\t\t<div class=\"aux-parallax-section elementor-column elementor-col-25 elementor-inner-column elementor-element elementor-element-144fbc8\" data-id=\"144fbc8\" data-element_type=\"column\">\n\t\t\t<div class=\"elementor-widget-wrap elementor-element-populated\">\n\t\t\t\t\t\t<div class=\"elementor-element elementor-element-633e178 aux-appear-watch-animation aux-fade-in-right-1 elementor-widget elementor-widget-aux_text\" data-id=\"633e178\" data-element_type=\"widget\" data-widget_type=\"aux_text.default\">\n\t\t\t\t<div class=\"elementor-widget-container\">\n\t\t\t\t\t<section class=\"widget-container aux-widget-text aux-parent-au8a0f1820\">        <div class=\"aux-widget-advanced-text aux-wrap-style-simple aux-ico-pos-top aux-text-left aux-text-resp- aux-text-color-dark aux-text-widget-bg-center  \" >\n        \n                            <div class=\"aux-text-widget-header \"  >\n                        <div class=\"aux-ico-box aux-ico-large aux-ico-shape-circle aux-ico-clear \">\n                            <i aria-hidden=\"true\" class=\"aux-ico fas fa-tools\"><\/i>                        <\/div>\n                <\/div>\n            \n            <div class=\"aux-text-inner aux-text-widget-content\">\n                                <h4 class=\"col-title\">Bak\u0131m ve Onar\u0131m<\/h4>\n                                <div class=\"widget-content\">\n                                        <p>Y\u00fcksek standartlarda ger\u00e7ekle\u015ftirdi\u011fimiz bak\u0131m ve onar\u0131m hizmetlerimizle, cihazlar\u0131n\u0131z\u0131n maksimum performansta \u00e7al\u0131\u015fmas\u0131n\u0131 sa\u011fl\u0131yoruz. Tecr\u00fcbeli teknik ekibimiz, her t\u00fcrl\u00fc ar\u0131za ve bak\u0131m ihtiyac\u0131n\u0131zda yan\u0131n\u0131zdad\u0131r.<\/p>                <\/div>\n                            <\/div>\n        <\/div>\n                    <div class=\"aux-text-widget-footer\">\n                <div class=\"aux-border-shape-none \">\n                                <\/div>\n            <\/div>\n        \n<\/section><!-- widget-container -->\t\t\t\t<\/div>\n\t\t\t\t<\/div>\n\t\t\t\t\t<\/div>\n\t\t<\/div>\n\t\t\t\t<div class=\"aux-parallax-section elementor-column elementor-col-25 elementor-inner-column elementor-element elementor-element-061b92e\" data-id=\"061b92e\" data-element_type=\"column\">\n\t\t\t<div class=\"elementor-widget-wrap elementor-element-populated\">\n\t\t\t\t\t\t<div class=\"elementor-element elementor-element-4bea905 aux-appear-watch-animation aux-fade-in-right-1 elementor-widget elementor-widget-aux_text\" data-id=\"4bea905\" data-element_type=\"widget\" data-widget_type=\"aux_text.default\">\n\t\t\t\t<div class=\"elementor-widget-container\">\n\t\t\t\t\t<section class=\"widget-container aux-widget-text aux-parent-au7b088b3b\">        <div class=\"aux-widget-advanced-text aux-wrap-style-simple aux-ico-pos-top aux-text-left aux-text-resp- aux-text-color-dark aux-text-widget-bg-center  \" >\n        \n                            <div class=\"aux-text-widget-header \"  >\n                        <div class=\"aux-ico-box aux-ico-large aux-ico-shape-circle aux-ico-clear \">\n                            <i aria-hidden=\"true\" class=\"aux-ico fas fa-fill-drip\"><\/i>                        <\/div>\n                <\/div>\n            \n            <div class=\"aux-text-inner aux-text-widget-content\">\n                                <h4 class=\"col-title\">Muadil Toner<\/h4>\n                                <div class=\"widget-content\">\n                                        <p>Videojet ve KGK Jet gibi \u00f6nde gelen markalar i\u00e7in kaliteli ve uygun fiyatl\u0131 muadil toner \u00e7\u00f6z\u00fcmleri sunuyoruz. Maliyet etkin \u00e7\u00f6z\u00fcmlerimizle, bask\u0131 kalitenizden \u00f6d\u00fcn vermeden ekonomik avantajlar sa\u011fl\u0131yoruz.<\/p>                <\/div>\n                            <\/div>\n        <\/div>\n                    <div class=\"aux-text-widget-footer\">\n                <div class=\"aux-border-shape-none \">\n                                <\/div>\n            <\/div>\n        \n<\/section><!-- widget-container -->\t\t\t\t<\/div>\n\t\t\t\t<\/div>\n\t\t\t\t\t<\/div>\n\t\t<\/div>\n\t\t\t\t<div class=\"aux-parallax-section elementor-column elementor-col-25 elementor-inner-column elementor-element elementor-element-338446f\" data-id=\"338446f\" data-element_type=\"column\">\n\t\t\t<div class=\"elementor-widget-wrap elementor-element-populated\">\n\t\t\t\t\t\t<div class=\"elementor-element elementor-element-85ee01f aux-appear-watch-animation aux-fade-in-right-1 elementor-widget elementor-widget-aux_text\" data-id=\"85ee01f\" data-element_type=\"widget\" data-widget_type=\"aux_text.default\">\n\t\t\t\t<div class=\"elementor-widget-container\">\n\t\t\t\t\t<section class=\"widget-container aux-widget-text aux-parent-au79466b85\">        <div class=\"aux-widget-advanced-text aux-wrap-style-simple aux-ico-pos-top aux-text-left aux-text-resp- aux-text-color-dark aux-text-widget-bg-center  \" >\n        \n                            <div class=\"aux-text-widget-header \"  >\n                        <div class=\"aux-ico-box aux-ico-large aux-ico-shape-circle aux-ico-clear \">\n                            <i aria-hidden=\"true\" class=\"aux-ico fas fa-handshake\"><\/i>                        <\/div>\n                <\/div>\n            \n            <div class=\"aux-text-inner aux-text-widget-content\">\n                                <h4 class=\"col-title\">Uzman \u00c7\u00f6z\u00fcmler<\/h4>\n                                <div class=\"widget-content\">\n                                        <p>Sekt\u00f6rdeki derin bilgi birikimimizle, i\u015fletmenizin ihtiya\u00e7lar\u0131na y\u00f6nelik \u00f6zelle\u015ftirilmi\u015f \u00e7\u00f6z\u00fcmler geli\u015ftiriyoruz. \u0130\u015fletmenizin verimlili\u011fini art\u0131rma ve operasyonel maliyetleri d\u00fc\u015f\u00fcrme konusunda profesyonel dan\u0131\u015fmanl\u0131k hizmetleri sunuyoruz.<\/p>                <\/div>\n                            <\/div>\n        <\/div>\n                    <div class=\"aux-text-widget-footer\">\n                <div class=\"aux-border-shape-none \">\n                                <\/div>\n            <\/div>\n        \n<\/section><!-- widget-container -->\t\t\t\t<\/div>\n\t\t\t\t<\/div>\n\t\t\t\t\t<\/div>\n\t\t<\/div>\n\t\t\t\t<div class=\"aux-parallax-section elementor-column elementor-col-25 elementor-inner-column elementor-element elementor-element-37d2910\" data-id=\"37d2910\" data-element_type=\"column\">\n\t\t\t<div class=\"elementor-widget-wrap elementor-element-populated\">\n\t\t\t\t\t\t<div class=\"elementor-element elementor-element-136f474 aux-appear-watch-animation aux-fade-in-right-1 elementor-widget elementor-widget-aux_text\" data-id=\"136f474\" data-element_type=\"widget\" data-widget_type=\"aux_text.default\">\n\t\t\t\t<div class=\"elementor-widget-container\">\n\t\t\t\t\t<section class=\"widget-container aux-widget-text aux-parent-au875e2a18\">        <div class=\"aux-widget-advanced-text aux-wrap-style-simple aux-ico-pos-top aux-text-left aux-text-resp- aux-text-color-dark aux-text-widget-bg-center  \" >\n        \n                            <div class=\"aux-text-widget-header \"  >\n                        <div class=\"aux-ico-box aux-ico-large aux-ico-shape-circle aux-ico-clear \">\n                            <i aria-hidden=\"true\" class=\"aux-ico far fa-check-circle\"><\/i>                        <\/div>\n                <\/div>\n            \n            <div class=\"aux-text-inner aux-text-widget-content\">\n                                <h4 class=\"col-title\">Kaliteli ve G\u00fcvenilir<\/h4>\n                                <div class=\"widget-content\">\n                                        <p>Sundu\u011fumuz t\u00fcm \u00fcr\u00fcn ve hizmetler, sekt\u00f6r\u00fcn en y\u00fcksek kalite standartlar\u0131n\u0131 kar\u015f\u0131lar. M\u00fc\u015fteri memnuniyetini \u00f6nceliklendirerek, g\u00fcvenilir hizmet anlay\u0131\u015f\u0131m\u0131z\u0131 her zaman \u00f6n planda tutar\u0131z.<\/p>                <\/div>\n                            <\/div>\n        <\/div>\n                    <div class=\"aux-text-widget-footer\">\n                <div class=\"aux-border-shape-none \">\n                                <\/div>\n            <\/div>\n        \n<\/section><!-- widget-container -->\t\t\t\t<\/div>\n\t\t\t\t<\/div>\n\t\t\t\t\t<\/div>\n\t\t<\/div>\n\t\t\t\t\t<\/div>\n\t\t<\/section>\n\t\t\t\t\t<\/div>\n\t\t<\/div>\n\t\t\t\t\t<\/div>\n\t\t<\/section>\n\t\t\t\t<\/div>\n\t\t","protected":false},"excerpt":{"rendered":"<p>Hakk\u0131m\u0131zda Firmam\u0131z\u0131n Hikayesi Analiz Kodlama, inkjet kodlama sekt\u00f6r\u00fcnde 10 y\u0131l\u0131 a\u015fk\u0131n s\u00fcredir faaliyet g\u00f6stermektedir. Teknoloji ve inovasyona dayal\u0131 yakla\u015f\u0131m\u0131m\u0131zla, end\u00fcstriyel kodlama cihazlar\u0131 konusunda derinlemesine uzmanl\u0131k ve \u00f6nc\u00fc \u00e7\u00f6z\u00fcmler sunmaktay\u0131z.M\u00fc\u015fterilerimizin ihtiya\u00e7lar\u0131na y\u00f6nelik kaliteli, g\u00fcvenilir ve ekonomik hizmetler sa\u011flamak temel amac\u0131m\u0131zd\u0131r. Sorunuz i\u00e7in Bize Ula\u015f\u0131n! 0541 199 8500 Misyonumuz \u0130\u015fletmelerin \u00fcretim s\u00fcre\u00e7lerinde kesintisizlik sa\u011flayarak, verimliliklerini art\u0131rmak ve [&hellip;]<\/p>\n","protected":false},"author":1,"featured_media":0,"parent":0,"menu_order":0,"comment_status":"closed","ping_status":"closed","template":"templates\/page-builder-content.php","meta":{"footnotes":""},"class_list":["post-120","page","type-page","status-publish","hentry"],"_links":{"self":[{"href":"https:\/\/www.analizkodlama.com\/index.php\/wp-json\/wp\/v2\/pages\/120","targetHints":{"allow":["GET"]}}],"collection":[{"href":"https:\/\/www.analizkodlama.com\/index.php\/wp-json\/wp\/v2\/pages"}],"about":[{"href":"https:\/\/www.analizkodlama.com\/index.php\/wp-json\/wp\/v2\/types\/page"}],"author":[{"embeddable":true,"href":"https:\/\/www.analizkodlama.com\/index.php\/wp-json\/wp\/v2\/users\/1"}],"replies":[{"embeddable":true,"href":"https:\/\/www.analizkodlama.com\/index.php\/wp-json\/wp\/v2\/comments?post=120"}],"version-history":[{"count":10,"href":"https:\/\/www.analizkodlama.com\/index.php\/wp-json\/wp\/v2\/pages\/120\/revisions"}],"predecessor-version":[{"id":444,"href":"https:\/\/www.analizkodlama.com\/index.php\/wp-json\/wp\/v2\/pages\/120\/revisions\/444"}],"wp:attachment":[{"href":"https:\/\/www.analizkodlama.com\/index.php\/wp-json\/wp\/v2\/media?parent=120"}],"curies":[{"name":"wp","href":"https:\/\/api.w.org\/{rel}","templated":true}]}}